{"id":167,"date":"2022-08-15T15:35:33","date_gmt":"2022-08-15T19:35:33","guid":{"rendered":"https:\/\/wbcollective.dev\/explore\/?page_id=167"},"modified":"2024-08-27T09:25:26","modified_gmt":"2024-08-27T09:25:26","slug":"contacto","status":"publish","type":"page","link":"https:\/\/www.aqua-tropic.com\/blog\/contacto\/","title":{"rendered":"Cont\u00e1ctanos"},"content":{"rendered":"<div class=\"gb-container gb-container-714c8a1b\">\n<div class=\"gb-container gb-container-d5b69679\">\n<div class=\"gb-container gb-container-e6e4532b\">\n\n<h2 class=\"gb-headline gb-headline-c4946eeb gb-headline-text\">Vis\u00edtanos o ll\u00e1manos para disfrutar con nosotros<\/h2>\n\n\n\n<p class=\"gb-headline gb-headline-94d1d6f8 gb-headline-text\">\u00a1Ven a disfrutar de un d\u00eda lleno de diversi\u00f3n en Aqua Tropic! Sum\u00e9rgete en nuestras emocionantes atracciones acu\u00e1ticas, rel\u00e1jate en la piscina de olas y desl\u00edzate por toboganes impresionantes. Ideal para familias y amigos.<\/p>\n\n\n\n<p class=\"gb-headline gb-headline-5d5b6ae4 gb-headline-text\">Aqua Tropic es el destino perfecto para refrescarse y crear recuerdos inolvidables. \u00a1Te esperamos!<\/p>\n\n\n\n<a class=\"gb-button gb-button-9df51a43\" href=\"#\"><span class=\"gb-icon\"><svg viewBox=\"0 0 16 16\" class=\"bi bi-instagram\" height=\"16\" width=\"16\" xmlns=\"http:\/\/www.w3.org\/2000\/svg\">   <path d=\"M8 0C5.829 0 5.556.01 4.703.048 3.85.088 3.269.222 2.76.42a3.917 3.917 0 0 0-1.417.923A3.927 3.927 0 0 0 .42 2.76C.222 3.268.087 3.85.048 4.7.01 5.555 0 5.827 0 8.001c0 2.172.01 2.444.048 3.297.04.852.174 1.433.372 1.942.205.526.478.972.923 1.417.444.445.89.719 1.416.923.51.198 1.09.333 1.942.372C5.555 15.99 5.827 16 8 16s2.444-.01 3.298-.048c.851-.04 1.434-.174 1.943-.372a3.916 3.916 0 0 0 1.416-.923c.445-.445.718-.891.923-1.417.197-.509.332-1.09.372-1.942C15.99 10.445 16 10.173 16 8s-.01-2.445-.048-3.299c-.04-.851-.175-1.433-.372-1.941a3.926 3.926 0 0 0-.923-1.417A3.911 3.911 0 0 0 13.24.42c-.51-.198-1.092-.333-1.943-.372C10.443.01 10.172 0 7.998 0h.003zm-.717 1.442h.718c2.136 0 2.389.007 3.232.046.78.035 1.204.166 1.486.275.373.145.64.319.92.599.28.28.453.546.598.92.11.281.24.705.275 1.485.039.843.047 1.096.047 3.231s-.008 2.389-.047 3.232c-.035.78-.166 1.203-.275 1.485a2.47 2.47 0 0 1-.599.919c-.28.28-.546.453-.92.598-.28.11-.704.24-1.485.276-.843.038-1.096.047-3.232.047s-2.39-.009-3.233-.047c-.78-.036-1.203-.166-1.485-.276a2.478 2.478 0 0 1-.92-.598 2.48 2.48 0 0 1-.6-.92c-.109-.281-.24-.705-.275-1.485-.038-.843-.046-1.096-.046-3.233 0-2.136.008-2.388.046-3.231.036-.78.166-1.204.276-1.486.145-.373.319-.64.599-.92.28-.28.546-.453.92-.598.282-.11.705-.24 1.485-.276.738-.034 1.024-.044 2.515-.045v.002zm4.988 1.328a.96.96 0 1 0 0 1.92.96.96 0 0 0 0-1.92zm-4.27 1.122a4.109 4.109 0 1 0 0 8.217 4.109 4.109 0 0 0 0-8.217zm0 1.441a2.667 2.667 0 1 1 0 5.334 2.667 2.667 0 0 1 0-5.334z\"><\/path> <\/svg><\/span><\/a>\n\n\n\n<a class=\"gb-button gb-button-348dc464\" href=\"#\"><span class=\"gb-icon\"><svg viewBox=\"0 0 16 16\" class=\"bi bi-facebook\" height=\"16\" width=\"16\" xmlns=\"http:\/\/www.w3.org\/2000\/svg\">   <path d=\"M16 8.049c0-4.446-3.582-8.05-8-8.05C3.58 0-.002 3.603-.002 8.05c0 4.017 2.926 7.347 6.75 7.951v-5.625h-2.03V8.05H6.75V6.275c0-2.017 1.195-3.131 3.022-3.131.876 0 1.791.157 1.791.157v1.98h-1.009c-.993 0-1.303.621-1.303 1.258v1.51h2.218l-.354 2.326H9.25V16c3.824-.604 6.75-3.934 6.75-7.951z\"><\/path> <\/svg><\/span><\/a>\n\n<\/div>\n\n<div class=\"gb-container gb-container-cb3561a9\">\n\t\t<div id=\"wpmapblock_43c2193e\" data-settings='{&quot;map_marker&quot;:[{&quot;id&quot;:&quot;0&quot;,&quot;lat&quot;:&quot;36.73121&quot;,&quot;lng&quot;:&quot;-3.67516&quot;,&quot;title&quot;:&quot;Aqua Tropic&quot;,&quot;content&quot;:&quot;Tu parque acu\\u00e1tico en la Costa Tropical&quot;,&quot;iconType&quot;:&quot;default&quot;,&quot;customIconUrl&quot;:&quot;&quot;,&quot;customIconWidth&quot;:&quot;25&quot;,&quot;customIconHeight&quot;:&quot;40&quot;}],&quot;map_zoom&quot;:10,&quot;scroll_wheel_zoom&quot;:false,&quot;map_type&quot;:&quot;GM&quot;,&quot;center_index&quot;:0}' class=\"wpmapblockrender\" style=\"\n\t\t\twidth: 100%;\n\t\t\theight: 500px;\n\t\t\"><\/div>\n        \n\n\n<p class=\"has-text-align-center\">Paseo Reina Sof\u00eda, S\/N &#8211; 18690 ALMU\u00d1ECAR &#8211; Granada <br>TU PARQUE ACU\u00c1TICO EN ALMU\u00d1\u00c9CAR, <br>COSTA TROPICAL DE GRANADA<\/p>\n\n<\/div>\n<\/div>\n\n\n<div class=\"wp-block-group\"><div class=\"wp-block-group__inner-container is-layout-constrained wp-block-group-is-layout-constrained\">\n<div class=\"wp-block-columns is-layout-flex wp-container-core-columns-is-layout-3 wp-block-columns-is-layout-flex\">\n<div class=\"wp-block-column is-layout-flow wp-block-column-is-layout-flow\" style=\"flex-basis:100%\">\n<div class=\"wp-block-columns are-vertically-aligned-center is-layout-flex wp-container-core-columns-is-layout-2 wp-block-columns-is-layout-flex\">\n<div class=\"wp-block-column is-vertically-aligned-center is-layout-flow wp-block-column-is-layout-flow\">\n<p><a href=\"https:\/\/www.aqua-tropic.com\/#\"><\/a><\/p>\n\n\n\n<div class=\"wp-block-columns is-layout-flex wp-container-core-columns-is-layout-1 wp-block-columns-is-layout-flex\">\n<div class=\"wp-block-column is-layout-flow wp-block-column-is-layout-flow\">\n<h3 class=\"gb-headline gb-headline-d0e82b80 gb-headline-text\">Ll\u00e1manos<\/h3>\n\n\n\n<p class=\"has-text-align-center\"><strong>+34 958 63 20 81<\/strong><\/p>\n<\/div>\n\n\n\n<div class=\"wp-block-column is-layout-flow wp-block-column-is-layout-flow\">\n<h3 class=\"gb-headline gb-headline-e7075c4d gb-headline-text\">Escr\u00edbenos<\/h3>\n\n\n\n<p class=\"has-text-align-center\"><strong>info@aqua-tropic.com<\/strong><\/p>\n\n\n\n<p><a href=\"https:\/\/www.aqua-tropic.com\/#\"><\/a><\/p>\n<\/div>\n\n\n\n<div class=\"wp-block-column is-layout-flow wp-block-column-is-layout-flow\">\n<h3 class=\"gb-headline gb-headline-5684c1a2 gb-headline-text\">Horario de Apertura:<a href=\"https:\/\/www.aqua-tropic.com\/entradas.asp?url_amigable=entrada-general\"><\/a><\/h3>\n\n\n\n<p class=\"has-text-align-center\"><strong>Lun-Dom \/ 11:00 a 19:00 h.<\/strong><\/p>\n<\/div>\n<\/div>\n<\/div>\n<\/div>\n<\/div>\n<\/div>\n<\/div><\/div>\n\n<\/div>","protected":false},"excerpt":{"rendered":"<p>Vis\u00edtanos o ll\u00e1manos para disfrutar con nosotros \u00a1Ven a disfrutar de un d\u00eda lleno de diversi\u00f3n en Aqua Tropic! Sum\u00e9rgete en nuestras emocionantes atracciones acu\u00e1ticas, rel\u00e1jate en la piscina de olas y desl\u00edzate por toboganes impresionantes. Ideal para familias y amigos. Aqua Tropic es el destino perfecto para refrescarse y crear recuerdos inolvidables. \u00a1Te esperamos! &#8230; <a title=\"Cont\u00e1ctanos\" class=\"read-more\" href=\"https:\/\/www.aqua-tropic.com\/blog\/contacto\/\" aria-label=\"Leer m\u00e1s sobre Cont\u00e1ctanos\">Leer m\u00e1s<\/a><\/p>\n","protected":false},"author":1,"featured_media":0,"parent":0,"menu_order":0,"comment_status":"closed","ping_status":"closed","template":"","meta":{"footnotes":""},"_links":{"self":[{"href":"https:\/\/www.aqua-tropic.com\/blog\/wp-json\/wp\/v2\/pages\/167"}],"collection":[{"href":"https:\/\/www.aqua-tropic.com\/blog\/wp-json\/wp\/v2\/pages"}],"about":[{"href":"https:\/\/www.aqua-tropic.com\/blog\/wp-json\/wp\/v2\/types\/page"}],"author":[{"embeddable":true,"href":"https:\/\/www.aqua-tropic.com\/blog\/wp-json\/wp\/v2\/users\/1"}],"replies":[{"embeddable":true,"href":"https:\/\/www.aqua-tropic.com\/blog\/wp-json\/wp\/v2\/comments?post=167"}],"version-history":[{"count":4,"href":"https:\/\/www.aqua-tropic.com\/blog\/wp-json\/wp\/v2\/pages\/167\/revisions"}],"predecessor-version":[{"id":2255,"href":"https:\/\/www.aqua-tropic.com\/blog\/wp-json\/wp\/v2\/pages\/167\/revisions\/2255"}],"wp:attachment":[{"href":"https:\/\/www.aqua-tropic.com\/blog\/wp-json\/wp\/v2\/media?parent=167"}],"curies":[{"name":"wp","href":"https:\/\/api.w.org\/{rel}","templated":true}]}}