{"id":17,"date":"2022-08-09T13:20:30","date_gmt":"2022-08-09T17:20:30","guid":{"rendered":"https:\/\/wbcollective.dev\/explore\/?page_id=17"},"modified":"2024-05-20T10:33:41","modified_gmt":"2024-05-20T10:33:41","slug":"home-2","status":"publish","type":"page","link":"https:\/\/www.aqua-tropic.com\/blog\/","title":{"rendered":"Home"},"content":{"rendered":"<div class=\"gb-container gb-container-9842a29d\">\n<div class=\"gb-container gb-container-bd0f693e\">\n\n<div id=\"ez-toc-container\" class=\"ez-toc-v2_0_66_1 counter-hierarchy ez-toc-counter ez-toc-grey ez-toc-container-direction\">\r\n<div class=\"ez-toc-title-container\">\r\n<p class=\"ez-toc-title \" >Tabla de contenidos<\/p>\r\n<span class=\"ez-toc-title-toggle\"><a href=\"#\" class=\"ez-toc-pull-right ez-toc-btn ez-toc-btn-xs ez-toc-btn-default ez-toc-toggle\" aria-label=\"Toggle Table of Content\"><span class=\"ez-toc-js-icon-con\"><span class=\"\"><span class=\"eztoc-hide\" style=\"display:none;\">Toggle<\/span><span class=\"ez-toc-icon-toggle-span\"><svg style=\"fill: #999;color:#999\" xmlns=\"http:\/\/www.w3.org\/2000\/svg\" class=\"list-377408\" width=\"20px\" height=\"20px\" viewBox=\"0 0 24 24\" fill=\"none\"><path d=\"M6 6H4v2h2V6zm14 0H8v2h12V6zM4 11h2v2H4v-2zm16 0H8v2h12v-2zM4 16h2v2H4v-2zm16 0H8v2h12v-2z\" fill=\"currentColor\"><\/path><\/svg><svg style=\"fill: #999;color:#999\" class=\"arrow-unsorted-368013\" xmlns=\"http:\/\/www.w3.org\/2000\/svg\" width=\"10px\" height=\"10px\" viewBox=\"0 0 24 24\" version=\"1.2\" baseProfile=\"tiny\"><path d=\"M18.2 9.3l-6.2-6.3-6.2 6.3c-.2.2-.3.4-.3.7s.1.5.3.7c.2.2.4.3.7.3h11c.3 0 .5-.1.7-.3.2-.2.3-.5.3-.7s-.1-.5-.3-.7zM5.8 14.7l6.2 6.3 6.2-6.3c.2-.2.3-.5.3-.7s-.1-.5-.3-.7c-.2-.2-.4-.3-.7-.3h-11c-.3 0-.5.1-.7.3-.2.2-.3.5-.3.7s.1.5.3.7z\"\/><\/svg><\/span><\/span><\/span><\/a><\/span><\/div>\r\n<nav><ul class='ez-toc-list ez-toc-list-level-1 ' ><li class='ez-toc-page-1 ez-toc-heading-level-1'><a class=\"ez-toc-link ez-toc-heading-1\" href=\"https:\/\/www.aqua-tropic.com\/blog\/#Parque_Acuatico_de_agua_salada\" title=\"Parque Acu\u00e1tico de agua salada\">Parque Acu\u00e1tico de agua salada<\/a><ul class='ez-toc-list-level-2' ><li class='ez-toc-heading-level-2'><a class=\"ez-toc-link ez-toc-heading-2\" href=\"https:\/\/www.aqua-tropic.com\/blog\/#Te_esperamos_en_Almunecar_%E2%80%93_Granada_a_partir_del_13062024\" title=\"    Te esperamos en Almu\u00f1ecar &#8211; Granada a partir del 13\/06\/2024\">    Te esperamos en Almu\u00f1ecar &#8211; Granada a partir del 13\/06\/2024<\/a><\/li><li class='ez-toc-page-1 ez-toc-heading-level-2'><a class=\"ez-toc-link ez-toc-heading-3\" href=\"https:\/\/www.aqua-tropic.com\/blog\/#Ultimos_articulos\" title=\"    \u00daltimos art\u00edculos\">    \u00daltimos art\u00edculos<\/a><\/li><li class='ez-toc-page-1 ez-toc-heading-level-2'><a class=\"ez-toc-link ez-toc-heading-4\" href=\"https:\/\/www.aqua-tropic.com\/blog\/#Conoce_7_lugares_que_no_puedes_perderte_en_tu_visita_a_Almunecar\" title=\"Conoce 7 lugares que no puedes perderte en tu visita a Almu\u00f1\u00e9car\">Conoce 7 lugares que no puedes perderte en tu visita a Almu\u00f1\u00e9car<\/a><\/li><li class='ez-toc-page-1 ez-toc-heading-level-2'><a class=\"ez-toc-link ez-toc-heading-5\" href=\"https:\/\/www.aqua-tropic.com\/blog\/#Como_llegar_a_Aquatropic_desde_el_centro_de_Almunecar\" title=\"C\u00f3mo llegar a Aquatropic desde el centro de Almu\u00f1\u00e9car\">C\u00f3mo llegar a Aquatropic desde el centro de Almu\u00f1\u00e9car<\/a><\/li><li class='ez-toc-page-1 ez-toc-heading-level-2'><a class=\"ez-toc-link ez-toc-heading-6\" href=\"https:\/\/www.aqua-tropic.com\/blog\/#La_clasificacion_de_nuestras_atracciones_de_menos_a_mas_emocionantes\" title=\"La clasificaci\u00f3n de nuestras atracciones de menos a m\u00e1s emocionantes\">La clasificaci\u00f3n de nuestras atracciones de menos a m\u00e1s emocionantes<\/a><\/li><li class='ez-toc-page-1 ez-toc-heading-level-2'><a class=\"ez-toc-link ez-toc-heading-7\" href=\"https:\/\/www.aqua-tropic.com\/blog\/#Aquatropic_parque_acuatico_de_Granada\" title=\"Aquatropic, parque acu\u00e1tico de Granada.\">Aquatropic, parque acu\u00e1tico de Granada.<\/a><\/li><\/ul><\/li><\/ul><\/nav><\/div>\r\n<h1 class=\"gb-headline gb-headline-da217663 gb-headline-text\"><span class=\"ez-toc-section\" id=\"Parque_Acuatico_de_agua_salada\"><\/span>Parque Acu\u00e1tico de agua salada<span class=\"ez-toc-section-end\"><\/span><\/h1>\n\n\n\n<h2 class=\"gb-headline gb-headline-dde44a75\"><span class=\"ez-toc-section\" id=\"Te_esperamos_en_Almunecar_%E2%80%93_Granada_a_partir_del_13062024\"><\/span><span class=\"gb-icon\"><svg width=\"200\" height=\"20\">   <line x1=\"0\" y1=\"10\" x2=\"200\" y2=\"10\" stroke=\"#FFFFFF\" stroke-width=\"2\" style=\"stroke-linecap: round;\"><\/line> <\/svg><\/span><span class=\"gb-headline-text\">Te esperamos en Almu\u00f1ecar &#8211; Granada a partir del 13\/06\/2024<\/span><span class=\"ez-toc-section-end\"><\/span><\/h2>\n\n<\/div>\n<\/div>\n\n<div class=\"gb-container gb-container-95595047\">\n<div class=\"gb-grid-wrapper gb-grid-wrapper-dba57b9c\">\n<div class=\"gb-grid-column gb-grid-column-ede4c881\"><div class=\"gb-container gb-container-ede4c881\">\n\n<a class=\"gb-button gb-button-beea65a6\" href=\"https:\/\/aqua-tropic.com\/blog\/categoria\/atracciones\/\"><span class=\"gb-button-text\">ATRACCIONES<\/span><span class=\"gb-icon\"><svg viewBox=\"0 0 40 25.81\" xmlns=\"http:\/\/www.w3.org\/2000\/svg\" data-name=\"Layer 1\"><path d=\"M1.55 14.46H34.7l-8.7 8.7a1.55 1.55 0 1 0 2.19 2.19L39.54 14a1.53 1.53 0 0 0 0-2.19L28.19.45A1.55 1.55 0 1 0 26 2.65l8.7 8.7H1.55a1.56 1.56 0 0 0 0 3.11Z\"><\/path><\/svg><\/span><\/a>\n\n<\/div><\/div>\n\n<div class=\"gb-grid-column gb-grid-column-772e9171\"><div class=\"gb-container gb-container-772e9171\">\n\n<a class=\"gb-button gb-button-66779faa\" href=\"https:\/\/aqua-tropic.com\/blog\/categoria\/informacion\/\"><span class=\"gb-button-text\">INFORMACI\u00d3N<\/span><span class=\"gb-icon\"><svg viewBox=\"0 0 40 25.81\" xmlns=\"http:\/\/www.w3.org\/2000\/svg\" data-name=\"Layer 1\"><path d=\"M1.55 14.46H34.7l-8.7 8.7a1.55 1.55 0 1 0 2.19 2.19L39.54 14a1.53 1.53 0 0 0 0-2.19L28.19.45A1.55 1.55 0 1 0 26 2.65l8.7 8.7H1.55a1.56 1.56 0 0 0 0 3.11Z\"><\/path><\/svg><\/span><\/a>\n\n<\/div><\/div>\n\n<div class=\"gb-grid-column gb-grid-column-4c106eed\"><div class=\"gb-container gb-container-4c106eed\">\n\n<a class=\"gb-button gb-button-12f87e5a\" href=\"https:\/\/aqua-tropic.com\/blog\/categoria\/consejos\/\"><span class=\"gb-button-text\">CONSEJOS<\/span><span class=\"gb-icon\"><svg viewBox=\"0 0 40 25.81\" xmlns=\"http:\/\/www.w3.org\/2000\/svg\" data-name=\"Layer 1\"><path d=\"M1.55 14.46H34.7l-8.7 8.7a1.55 1.55 0 1 0 2.19 2.19L39.54 14a1.53 1.53 0 0 0 0-2.19L28.19.45A1.55 1.55 0 1 0 26 2.65l8.7 8.7H1.55a1.56 1.56 0 0 0 0 3.11Z\"><\/path><\/svg><\/span><\/a>\n\n<\/div><\/div>\n\n<div class=\"gb-grid-column gb-grid-column-5a5ef7a8\"><div class=\"gb-container gb-container-5a5ef7a8\">\n\n<a class=\"gb-button gb-button-12836e6f\" href=\"https:\/\/www.aqua-tropic.com\/entradas.asp?url_amigable=entrada-general\"><span class=\"gb-button-text\">ENTRADAS<\/span><span class=\"gb-icon\"><svg viewBox=\"0 0 40 25.81\" xmlns=\"http:\/\/www.w3.org\/2000\/svg\" data-name=\"Layer 1\"><path d=\"M1.55 14.46H34.7l-8.7 8.7a1.55 1.55 0 1 0 2.19 2.19L39.54 14a1.53 1.53 0 0 0 0-2.19L28.19.45A1.55 1.55 0 1 0 26 2.65l8.7 8.7H1.55a1.56 1.56 0 0 0 0 3.11Z\"><\/path><\/svg><\/span><\/a>\n\n<\/div><\/div>\n<\/div>\n<\/div>\n\n<div class=\"gb-container gb-container-37a00443\"><div class=\"gb-inside-container\">\n\n<h2 class=\"gb-headline gb-headline-89e00bd9\"><span class=\"ez-toc-section\" id=\"Ultimos_articulos\"><\/span><span class=\"gb-icon\"><svg height=\"20\" width=\"200\">   <line style=\"stroke-linecap: round;\" stroke-width=\"2\" stroke=\"#212529\" y2=\"10\" x2=\"200\" y1=\"10\" x1=\"0\"><\/line> <\/svg><\/span><span class=\"gb-headline-text\">\u00daltimos art\u00edculos<\/span><span class=\"ez-toc-section-end\"><\/span><\/h2>\n\n\n\n<div class=\"gb-grid-wrapper gb-grid-wrapper-af396a36 gb-query-loop-wrapper\">\n<div class=\"gb-grid-column gb-grid-column-86172639 gb-query-loop-item post-2245 post type-post status-publish format-standard has-post-thumbnail hentry category-informacion\"><div class=\"gb-container gb-container-86172639\">\n<div class=\"gb-container gb-container-2a4a34eb\" style=\"background-image: url(https:\/\/www.aqua-tropic.com\/blog\/wp-content\/uploads\/2024\/08\/que-ver-en-almunecar.jpg);\">\n<a class=\"gb-button gb-button-db7e6d2e gb-button-text post-term-item post-term-informacion\" href=\"https:\/\/www.aqua-tropic.com\/blog\/categoria\/informacion\/\">Informaci\u00f3n<\/a>\n<\/div>\n\n<h2 class=\"gb-headline gb-headline-0d46e9d6 gb-headline-text\"><span class=\"ez-toc-section\" id=\"Conoce_7_lugares_que_no_puedes_perderte_en_tu_visita_a_Almunecar\"><\/span><a href=\"https:\/\/www.aqua-tropic.com\/blog\/7-lugares-para-ver-en-almunecar\/\">Conoce 7 lugares que no puedes perderte en tu visita a Almu\u00f1\u00e9car<\/a><span class=\"ez-toc-section-end\"><\/span><\/h2>\n\n<div class=\"gb-headline gb-headline-6cffd192 gb-headline-text\"><time class=\"entry-date published\" datetime=\"2024-09-02T08:48:19+00:00\">septiembre 2, 2024<\/time><\/div>\n\n<div class=\"gb-headline gb-headline-1529036f gb-headline-text\">Almu\u00f1\u00e9car, una joya costera en la provincia de Granada, es un destino lleno de historia, belleza natural y diversi\u00f3n para &#8230;<\/div>\n\n<a class=\"gb-button gb-button-77995f77\" href=\"https:\/\/www.aqua-tropic.com\/blog\/7-lugares-para-ver-en-almunecar\/\"><span class=\"gb-button-text\">Leer m\u00e1s<\/span><span class=\"gb-icon\"><svg viewbox=\"0 0 40 25.81\" xmlns=\"http:\/\/www.w3.org\/2000\/svg\" data-name=\"Layer 1\"><path d=\"M1.55 14.46H34.7l-8.7 8.7a1.55 1.55 0 1 0 2.19 2.19L39.54 14a1.53 1.53 0 0 0 0-2.19L28.19.45A1.55 1.55 0 1 0 26 2.65l8.7 8.7H1.55a1.56 1.56 0 0 0 0 3.11Z\"><\/path><\/svg><\/span><\/a>\n<\/div><\/div>\n\n<div class=\"gb-grid-column gb-grid-column-86172639 gb-query-loop-item post-2239 post type-post status-publish format-standard has-post-thumbnail hentry category-informacion\"><div class=\"gb-container gb-container-86172639\">\n<div class=\"gb-container gb-container-2a4a34eb\" style=\"background-image: url(https:\/\/www.aqua-tropic.com\/blog\/wp-content\/uploads\/2024\/08\/como-llegar-a-aquatropic.jpg);\">\n<a class=\"gb-button gb-button-db7e6d2e gb-button-text post-term-item post-term-informacion\" href=\"https:\/\/www.aqua-tropic.com\/blog\/categoria\/informacion\/\">Informaci\u00f3n<\/a>\n<\/div>\n\n<h2 class=\"gb-headline gb-headline-0d46e9d6 gb-headline-text\"><span class=\"ez-toc-section\" id=\"Como_llegar_a_Aquatropic_desde_el_centro_de_Almunecar\"><\/span><a href=\"https:\/\/www.aqua-tropic.com\/blog\/como-llegar-a-aquatropic\/\">C\u00f3mo llegar a Aquatropic desde el centro de Almu\u00f1\u00e9car<\/a><span class=\"ez-toc-section-end\"><\/span><\/h2>\n\n<div class=\"gb-headline gb-headline-6cffd192 gb-headline-text\"><time class=\"entry-date published\" datetime=\"2024-08-26T08:23:36+00:00\">agosto 26, 2024<\/time><\/div>\n\n<div class=\"gb-headline gb-headline-1529036f gb-headline-text\">Visitar el Parque Acu\u00e1tico Aquatropic es una perfecta opci\u00f3n para disfrutar de un d\u00eda lleno de diversi\u00f3n y aventuras acu\u00e1ticas &#8230;<\/div>\n\n<a class=\"gb-button gb-button-77995f77\" href=\"https:\/\/www.aqua-tropic.com\/blog\/como-llegar-a-aquatropic\/\"><span class=\"gb-button-text\">Leer m\u00e1s<\/span><span class=\"gb-icon\"><svg viewbox=\"0 0 40 25.81\" xmlns=\"http:\/\/www.w3.org\/2000\/svg\" data-name=\"Layer 1\"><path d=\"M1.55 14.46H34.7l-8.7 8.7a1.55 1.55 0 1 0 2.19 2.19L39.54 14a1.53 1.53 0 0 0 0-2.19L28.19.45A1.55 1.55 0 1 0 26 2.65l8.7 8.7H1.55a1.56 1.56 0 0 0 0 3.11Z\"><\/path><\/svg><\/span><\/a>\n<\/div><\/div>\n\n<div class=\"gb-grid-column gb-grid-column-86172639 gb-query-loop-item post-2206 post type-post status-publish format-standard has-post-thumbnail hentry category-atracciones\"><div class=\"gb-container gb-container-86172639\">\n<div class=\"gb-container gb-container-2a4a34eb\" style=\"background-image: url(https:\/\/www.aqua-tropic.com\/blog\/wp-content\/uploads\/2024\/08\/atracciones-aquatropic-clasificacion.jpg);\">\n<a class=\"gb-button gb-button-db7e6d2e gb-button-text post-term-item post-term-atracciones\" href=\"https:\/\/www.aqua-tropic.com\/blog\/categoria\/atracciones\/\">Atracciones<\/a>\n<\/div>\n\n<h2 class=\"gb-headline gb-headline-0d46e9d6 gb-headline-text\"><span class=\"ez-toc-section\" id=\"La_clasificacion_de_nuestras_atracciones_de_menos_a_mas_emocionantes\"><\/span><a href=\"https:\/\/www.aqua-tropic.com\/blog\/clasificacion-atracciones-aquatropic\/\">La clasificaci\u00f3n de nuestras atracciones de menos a m\u00e1s emocionantes<\/a><span class=\"ez-toc-section-end\"><\/span><\/h2>\n\n<div class=\"gb-headline gb-headline-6cffd192 gb-headline-text\"><time class=\"entry-date published\" datetime=\"2024-08-19T07:25:36+00:00\">agosto 19, 2024<\/time><\/div>\n\n<div class=\"gb-headline gb-headline-1529036f gb-headline-text\">Hoy queremos compartir contigo una clasificaci\u00f3n detallada de nuestras atracciones, ordenadas de menos a m\u00e1s emocionantes. Prep\u00e1rate para descubrir cu\u00e1l &#8230;<\/div>\n\n<a class=\"gb-button gb-button-77995f77\" href=\"https:\/\/www.aqua-tropic.com\/blog\/clasificacion-atracciones-aquatropic\/\"><span class=\"gb-button-text\">Leer m\u00e1s<\/span><span class=\"gb-icon\"><svg viewbox=\"0 0 40 25.81\" xmlns=\"http:\/\/www.w3.org\/2000\/svg\" data-name=\"Layer 1\"><path d=\"M1.55 14.46H34.7l-8.7 8.7a1.55 1.55 0 1 0 2.19 2.19L39.54 14a1.53 1.53 0 0 0 0-2.19L28.19.45A1.55 1.55 0 1 0 26 2.65l8.7 8.7H1.55a1.56 1.56 0 0 0 0 3.11Z\"><\/path><\/svg><\/span><\/a>\n<\/div><\/div>\n<\/div>\n\n<\/div><\/div>\n\n<div class=\"gb-container gb-container-17cea3e7\">\n<div class=\"gb-container gb-container-cb639460\">\n<div class=\"gb-grid-wrapper gb-grid-wrapper-ebfc6d97\">\n<div class=\"gb-grid-column gb-grid-column-076cbe06\"><div class=\"gb-container gb-container-076cbe06\">\n\n<figure class=\"wp-block-image size-full\"><img decoding=\"async\" width=\"800\" height=\"600\" src=\"http:\/\/aqua-tropic.com\/blog\/wp-content\/uploads\/2024\/04\/cuando-abre-Aquatropic.jpg\" alt=\"cuando abre Aquatropic\" class=\"wp-image-2132\" srcset=\"https:\/\/www.aqua-tropic.com\/blog\/wp-content\/uploads\/2024\/04\/cuando-abre-Aquatropic.jpg 800w, https:\/\/www.aqua-tropic.com\/blog\/wp-content\/uploads\/2024\/04\/cuando-abre-Aquatropic-300x225.jpg 300w, https:\/\/www.aqua-tropic.com\/blog\/wp-content\/uploads\/2024\/04\/cuando-abre-Aquatropic-768x576.jpg 768w\" sizes=\"(max-width: 800px) 100vw, 800px\" \/><\/figure>\n\n<\/div><\/div>\n\n<div class=\"gb-grid-column gb-grid-column-922ab7f2\"><div class=\"gb-container gb-container-922ab7f2\">\n\n<div class=\"gb-headline gb-headline-f06084c2 gb-headline-text\">DESC\u00daBRENOS<\/div>\n\n\n\n<h2 class=\"gb-headline gb-headline-c4946eeb gb-headline-text\"><span class=\"ez-toc-section\" id=\"Aquatropic_parque_acuatico_de_Granada\"><\/span>Aquatropic, parque acu\u00e1tico de Granada.<span class=\"ez-toc-section-end\"><\/span><\/h2>\n\n\n\n<p>Aqua-Tropic pone a tu alcance un mundo de servicios pensados para que tu visita sea muy agradable.<br>Visita nuestros restaurantes y kioskos, lleva a tus hijos a la zona de juegos y zona infantil, utiliza nuestro WIFI gratuito y aparca tu veh\u00edculo en nuestro parking. Todo con la m\u00e1xima seguridad.<\/p>\n\n\n\n<a class=\"gb-button gb-button-260def55\" href=\"https:\/\/www.aqua-tropic.com\/entradas.asp?url_amigable=entrada-general\" target=\"_blank\" rel=\"noopener noreferrer\"><span class=\"gb-button-text\">Comprar entradas<\/span><span class=\"gb-icon\"><svg viewBox=\"0 0 40 25.81\" xmlns=\"http:\/\/www.w3.org\/2000\/svg\" data-name=\"Layer 1\"><path d=\"M1.55 14.46H34.7l-8.7 8.7a1.55 1.55 0 1 0 2.19 2.19L39.54 14a1.53 1.53 0 0 0 0-2.19L28.19.45A1.55 1.55 0 1 0 26 2.65l8.7 8.7H1.55a1.56 1.56 0 0 0 0 3.11Z\"><\/path><\/svg><\/span><\/a>\n\n<\/div><\/div>\n<\/div>\n<\/div>\n<\/div>","protected":false},"excerpt":{"rendered":"<p>Parque Acu\u00e1tico de agua salada Te esperamos en Almu\u00f1ecar &#8211; Granada a partir del 13\/06\/2024 \u00daltimos art\u00edculos<\/p>\n","protected":false},"author":1,"featured_media":0,"parent":0,"menu_order":0,"comment_status":"closed","ping_status":"closed","template":"","meta":{"footnotes":""},"_links":{"self":[{"href":"https:\/\/www.aqua-tropic.com\/blog\/wp-json\/wp\/v2\/pages\/17"}],"collection":[{"href":"https:\/\/www.aqua-tropic.com\/blog\/wp-json\/wp\/v2\/pages"}],"about":[{"href":"https:\/\/www.aqua-tropic.com\/blog\/wp-json\/wp\/v2\/types\/page"}],"author":[{"embeddable":true,"href":"https:\/\/www.aqua-tropic.com\/blog\/wp-json\/wp\/v2\/users\/1"}],"replies":[{"embeddable":true,"href":"https:\/\/www.aqua-tropic.com\/blog\/wp-json\/wp\/v2\/comments?post=17"}],"version-history":[{"count":25,"href":"https:\/\/www.aqua-tropic.com\/blog\/wp-json\/wp\/v2\/pages\/17\/revisions"}],"predecessor-version":[{"id":2143,"href":"https:\/\/www.aqua-tropic.com\/blog\/wp-json\/wp\/v2\/pages\/17\/revisions\/2143"}],"wp:attachment":[{"href":"https:\/\/www.aqua-tropic.com\/blog\/wp-json\/wp\/v2\/media?parent=17"}],"curies":[{"name":"wp","href":"https:\/\/api.w.org\/{rel}","templated":true}]}}